{"id":23695,"date":"2019-10-14T15:48:44","date_gmt":"2019-10-14T12:48:44","guid":{"rendered":"https:\/\/www.kaanoluklu.com\/contact\/"},"modified":"2019-10-14T15:48:46","modified_gmt":"2019-10-14T12:48:46","slug":"contact","status":"publish","type":"page","link":"https:\/\/www.kaanoluklu.com\/en\/contact\/","title":{"rendered":"Contact"},"content":{"rendered":"<section class=\"l-section wpb_row height_large\"><div class=\"l-section-h i-cf\"><div class=\"g-cols vc_row via_flex valign_top type_default stacking_default\"><div class=\"vc_col-sm-8 wpb_column vc_column_container\"><div class=\"vc_column-inner\"><div class=\"wpb_wrapper\"><form class=\"w-form  layout_ver for_cform us_form_1\" autocomplete=\"off\" action=\"https:\/\/www.kaanoluklu.com\/en\/wp-json\/wp\/v2\/pages\/23695\" method=\"post\"><div class=\"w-form-h\"><div class=\"w-form-row for_text has_label with_icon\">\r\n\t\t\t<div class=\"w-form-row-label\">\r\n\t\t\t<span>Name, Surname<\/span>\r\n\t\t<\/div>\r\n\t\t<div class=\"w-form-row-field\">\r\n\t\t\t\t<i class=\"material-icons\">person<\/i>\t\t<input aria-label=\"Name, Surname\" type=\"text\" name=\"us_form_1_text_1\" value placeholder\/>\r\n\t\t\t<\/div>\r\n\t\t<div class=\"w-form-row-state\">Fill out this field<\/div>\r\n<\/div>\r\n<div class=\"w-form-row for_text has_label required with_icon\">\r\n\t\t\t<div class=\"w-form-row-label\">\r\n\t\t\t<span>E-mail *<\/span>\r\n\t\t<\/div>\r\n\t\t<div class=\"w-form-row-field\">\r\n\t\t\t\t<i class=\"material-icons\">email<\/i>\t\t<input aria-label=\"E-mail\" type=\"text\" name=\"us_form_1_text_2\" value placeholder data-required=\"true\" aria-required=\"true\"\/>\r\n\t\t\t<\/div>\r\n\t\t<div class=\"w-form-row-state\">Fill out this field<\/div>\r\n<\/div>\r\n<div class=\"w-form-row for_text has_label with_icon\">\r\n\t\t\t<div class=\"w-form-row-label\">\r\n\t\t\t<span>Phone<\/span>\r\n\t\t<\/div>\r\n\t\t<div class=\"w-form-row-field\">\r\n\t\t\t\t<i class=\"material-icons\">phone<\/i>\t\t<input aria-label=\"Phone\" type=\"text\" name=\"us_form_1_text_3\" value placeholder\/>\r\n\t\t\t<\/div>\r\n\t\t<div class=\"w-form-row-state\">Fill out this field<\/div>\r\n<\/div>\r\n<div class=\"w-form-row for_textarea has_label required with_icon\">\r\n\t\t\t<div class=\"w-form-row-label\">\r\n\t\t\t<span>Your message *<\/span>\r\n\t\t<\/div>\r\n\t\t<div class=\"w-form-row-field\">\r\n\t\t\t\t<i class=\"material-icons\">create<\/i>\t\t<textarea aria-label=\"Your message\" name=\"us_form_1_textarea_1\" placeholder data-required=\"true\" aria-required=\"true\"><\/textarea>\r\n\t\t\t<\/div>\r\n\t\t<div class=\"w-form-row-state\">Fill out this field<\/div>\r\n<\/div>\r\n<input type=\"hidden\" name=\"action\" value=\"us_ajax_cform\" \/>\r\n<input type=\"hidden\" name=\"post_id\" value=\"0\" \/>\r\n<input type=\"hidden\" name=\"form_index\" value=\"1\" \/>\r\n<div class=\"w-form-row for_submit  align_none\">\r\n\t<button class=\"w-btn  us-btn-style_1\" aria-label=\"Submit\" type=\"submit\">\r\n\t\t<span class=\"g-preloader type_1\"><\/span>\r\n\t\t\t\t<span class=\"w-btn-label\">Submit<\/span>\r\n\t\t\t<\/button>\r\n\t<\/div>\r\n<\/div><div class=\"w-form-message\"><\/div><div class=\"w-form-json hidden\" onclick='return {&quot;ajaxurl&quot;:&quot;https:\\\/\\\/www.kaanoluklu.com\\\/wp-admin\\\/admin-ajax.php&quot;,&quot;messages&quot;:{&quot;err_empty&quot;:&quot;Fill out this field&quot;,&quot;err_size&quot;:&quot;File size cannot exceed %s MB&quot;,&quot;err_extension&quot;:&quot;%s file type is not allowed&quot;}}'><\/div><\/form><\/div><\/div><\/div><div class=\"vc_col-sm-4 wpb_column vc_column_container\"><div class=\"vc_column-inner\"><div class=\"wpb_wrapper\"><div class=\"wpb_text_column\"><div class=\"wpb_wrapper\"><h3>Contact Information<\/h3>\n<\/div><\/div><div class=\"w-separator size_small\"><\/div><div class=\"w-iconbox iconpos_left style_default color_light align_left no_text\"><div class=\"w-iconbox-icon\"><i class=\"material-icons\">home<\/i><\/div><div class=\"w-iconbox-meta\"><h6 class=\"w-iconbox-title\">Yal\u00e7\u0131n Kore\u015f Cd. No: 24 G\u00fcne\u015fli \u0130stanbul<\/h6><\/div><\/div><div class=\"w-separator size_small\"><\/div><div class=\"w-iconbox iconpos_left style_default color_light align_left no_text\"><a href=\"#\" class=\"w-iconbox-link\" aria-label=\"info@kaanoluklu.com\"><div class=\"w-iconbox-icon\"><i class=\"material-icons\">mail<\/i><\/div><\/a><div class=\"w-iconbox-meta\"><a href=\"#\" class=\"w-iconbox-link\" aria-label=\"info@kaanoluklu.com\"><h6 class=\"w-iconbox-title\">info@kaanoluklu.com<\/h6><\/a><\/div><\/div><div class=\"w-separator size_small\"><\/div><div class=\"w-iconbox iconpos_left style_default color_light align_left no_text\"><div class=\"w-iconbox-icon\"><i class=\"material-icons\">phone<\/i><\/div><div class=\"w-iconbox-meta\"><h6 class=\"w-iconbox-title\">+90 212 655 88 22<\/h6><\/div><\/div><div class=\"w-separator size_small\"><\/div><div class=\"w-iconbox iconpos_left style_default color_light align_left no_text\"><div class=\"w-iconbox-icon\"><i class=\"material-icons\">print<\/i><\/div><div class=\"w-iconbox-meta\"><h6 class=\"w-iconbox-title\">+90 212 489 13 91<\/h6><\/div><\/div><\/div><\/div><\/div><\/div><\/div><\/section><section class=\"l-section wpb_row height_auto width_full\"><div class=\"l-section-h i-cf\"><div class=\"g-cols vc_row via_flex valign_top type_default stacking_default\"><div class=\"vc_col-sm-12 wpb_column vc_column_container\"><div class=\"vc_column-inner\"><div class=\"wpb_wrapper\"><div class=\"w-tabs style_default switch_click accordion type_togglable has_scrolling\" style=\"--sections-title-size:inherit\"><div class=\"w-tabs-sections titles-align_center icon_chevron cpos_right\"><div class=\"w-tabs-section no_indents has_text_color\" id=\"map-section\" style=\"background:#ffb03a;color:#ffffff;\"><button class=\"w-tabs-section-header with_icon\" aria-controls=\"content-map-section\" aria-expanded=\"false\"><i class=\"material-icons\">place<\/i><div class=\"w-tabs-section-title\">OUR LOCATION<\/div><div class=\"w-tabs-section-control\"><\/div><\/button><div  class=\"w-tabs-section-content\" id=\"content-map-section\"><div class=\"w-tabs-section-content-h i-cf\"><div class=\"w-map provider_osm\" id=\"us_map_1\"><div class=\"w-map-json\" onclick='return {&quot;address&quot;:&quot;41.02084,28.82085&quot;,&quot;zoom&quot;:14,&quot;hideControls&quot;:0,&quot;disableZoom&quot;:1,&quot;disableDragging&quot;:1,&quot;markers&quot;:[{&quot;address&quot;:&quot;41.02084,28.82085&quot;,&quot;html&quot;:&quot;Merkez Ofis&quot;,&quot;infowindow&quot;:0}],&quot;style&quot;:&quot;https:\\\/\\\/{s}.tile.openstreetmap.fr\\\/osmfr\\\/{z}\\\/{x}\\\/{y}.png&quot;}'><\/div><\/div><\/div><\/div><\/div><\/div><\/div><\/div><\/div><\/div><\/div><\/div><\/section>\n","protected":false},"excerpt":{"rendered":"Name, Surname person Fill out this field E-mail * email Fill out this field Phone phone Fill out this field Your message * create Fill out this field Submit Contact Information homeYal\u00e7\u0131n Kore\u015f Cd. No: 24 G\u00fcne\u015fli \u0130stanbulmailinfo@kaanoluklu.comphone+90 212 655 88 22print+90 212 489 13 91placeOUR LOCATION","protected":false},"author":1,"featured_media":0,"parent":0,"menu_order":0,"comment_status":"closed","ping_status":"closed","template":"","meta":{"footnotes":""},"class_list":["post-23695","page","type-page","status-publish","hentry"],"yoast_head":"<!-- This site is optimized with the Yoast SEO plugin v20.0 - https:\/\/yoast.com\/wordpress\/plugins\/seo\/ -->\n<title>Contact - Kaan Oluklu Mukavva ve Ambalaj<\/title>\n<meta name=\"robots\" content=\"index, follow, max-snippet:-1, max-image-preview:large, max-video-preview:-1\" \/>\n<link rel=\"canonical\" href=\"https:\/\/www.kaanoluklu.com\/en\/contact\/\" \/>\n<meta property=\"og:locale\" content=\"en_US\" \/>\n<meta property=\"og:type\" content=\"article\" \/>\n<meta property=\"og:title\" content=\"Contact - Kaan Oluklu Mukavva ve Ambalaj\" \/>\n<meta property=\"og:url\" content=\"https:\/\/www.kaanoluklu.com\/en\/contact\/\" \/>\n<meta property=\"og:site_name\" content=\"Kaan Oluklu Mukavva ve Ambalaj\" \/>\n<meta property=\"article:modified_time\" content=\"2019-10-14T12:48:46+00:00\" \/>\n<meta name=\"twitter:card\" content=\"summary_large_image\" \/>\n<meta name=\"twitter:label1\" content=\"Est. reading time\" \/>\n\t<meta name=\"twitter:data1\" content=\"1 minute\" \/>\n<script type=\"application\/ld+json\" class=\"yoast-schema-graph\">{\"@context\":\"https:\/\/schema.org\",\"@graph\":[{\"@type\":\"WebPage\",\"@id\":\"https:\/\/www.kaanoluklu.com\/en\/contact\/\",\"url\":\"https:\/\/www.kaanoluklu.com\/en\/contact\/\",\"name\":\"Contact - Kaan Oluklu Mukavva ve Ambalaj\",\"isPartOf\":{\"@id\":\"https:\/\/www.kaanoluklu.com\/en\/#website\"},\"datePublished\":\"2019-10-14T12:48:44+00:00\",\"dateModified\":\"2019-10-14T12:48:46+00:00\",\"breadcrumb\":{\"@id\":\"https:\/\/www.kaanoluklu.com\/en\/contact\/#breadcrumb\"},\"inLanguage\":\"en-US\",\"potentialAction\":[{\"@type\":\"ReadAction\",\"target\":[\"https:\/\/www.kaanoluklu.com\/en\/contact\/\"]}]},{\"@type\":\"BreadcrumbList\",\"@id\":\"https:\/\/www.kaanoluklu.com\/en\/contact\/#breadcrumb\",\"itemListElement\":[{\"@type\":\"ListItem\",\"position\":1,\"name\":\"Ana sayfa\",\"item\":\"https:\/\/www.kaanoluklu.com\/en\/\"},{\"@type\":\"ListItem\",\"position\":2,\"name\":\"Contact\"}]},{\"@type\":\"WebSite\",\"@id\":\"https:\/\/www.kaanoluklu.com\/en\/#website\",\"url\":\"https:\/\/www.kaanoluklu.com\/en\/\",\"name\":\"Kaan Oluklu Mukavva ve Ambalaj\",\"description\":\"\",\"potentialAction\":[{\"@type\":\"SearchAction\",\"target\":{\"@type\":\"EntryPoint\",\"urlTemplate\":\"https:\/\/www.kaanoluklu.com\/en\/?s={search_term_string}\"},\"query-input\":\"required name=search_term_string\"}],\"inLanguage\":\"en-US\"}]}<\/script>\n<!-- \/ Yoast SEO plugin. -->","yoast_head_json":{"title":"Contact - Kaan Oluklu Mukavva ve Ambalaj","robots":{"index":"index","follow":"follow","max-snippet":"max-snippet:-1","max-image-preview":"max-image-preview:large","max-video-preview":"max-video-preview:-1"},"canonical":"https:\/\/www.kaanoluklu.com\/en\/contact\/","og_locale":"en_US","og_type":"article","og_title":"Contact - Kaan Oluklu Mukavva ve Ambalaj","og_url":"https:\/\/www.kaanoluklu.com\/en\/contact\/","og_site_name":"Kaan Oluklu Mukavva ve Ambalaj","article_modified_time":"2019-10-14T12:48:46+00:00","twitter_card":"summary_large_image","twitter_misc":{"Est. reading time":"1 minute"},"schema":{"@context":"https:\/\/schema.org","@graph":[{"@type":"WebPage","@id":"https:\/\/www.kaanoluklu.com\/en\/contact\/","url":"https:\/\/www.kaanoluklu.com\/en\/contact\/","name":"Contact - Kaan Oluklu Mukavva ve Ambalaj","isPartOf":{"@id":"https:\/\/www.kaanoluklu.com\/en\/#website"},"datePublished":"2019-10-14T12:48:44+00:00","dateModified":"2019-10-14T12:48:46+00:00","breadcrumb":{"@id":"https:\/\/www.kaanoluklu.com\/en\/contact\/#breadcrumb"},"inLanguage":"en-US","potentialAction":[{"@type":"ReadAction","target":["https:\/\/www.kaanoluklu.com\/en\/contact\/"]}]},{"@type":"BreadcrumbList","@id":"https:\/\/www.kaanoluklu.com\/en\/contact\/#breadcrumb","itemListElement":[{"@type":"ListItem","position":1,"name":"Ana sayfa","item":"https:\/\/www.kaanoluklu.com\/en\/"},{"@type":"ListItem","position":2,"name":"Contact"}]},{"@type":"WebSite","@id":"https:\/\/www.kaanoluklu.com\/en\/#website","url":"https:\/\/www.kaanoluklu.com\/en\/","name":"Kaan Oluklu Mukavva ve Ambalaj","description":"","potentialAction":[{"@type":"SearchAction","target":{"@type":"EntryPoint","urlTemplate":"https:\/\/www.kaanoluklu.com\/en\/?s={search_term_string}"},"query-input":"required name=search_term_string"}],"inLanguage":"en-US"}]}},"_links":{"self":[{"href":"https:\/\/www.kaanoluklu.com\/en\/wp-json\/wp\/v2\/pages\/23695","targetHints":{"allow":["GET"]}}],"collection":[{"href":"https:\/\/www.kaanoluklu.com\/en\/wp-json\/wp\/v2\/pages"}],"about":[{"href":"https:\/\/www.kaanoluklu.com\/en\/wp-json\/wp\/v2\/types\/page"}],"author":[{"embeddable":true,"href":"https:\/\/www.kaanoluklu.com\/en\/wp-json\/wp\/v2\/users\/1"}],"replies":[{"embeddable":true,"href":"https:\/\/www.kaanoluklu.com\/en\/wp-json\/wp\/v2\/comments?post=23695"}],"version-history":[{"count":0,"href":"https:\/\/www.kaanoluklu.com\/en\/wp-json\/wp\/v2\/pages\/23695\/revisions"}],"wp:attachment":[{"href":"https:\/\/www.kaanoluklu.com\/en\/wp-json\/wp\/v2\/media?parent=23695"}],"curies":[{"name":"wp","href":"https:\/\/api.w.org\/{rel}","templated":true}]}}